{"id":2359,"date":"2025-12-30T22:13:01","date_gmt":"2025-12-30T22:13:01","guid":{"rendered":"https:\/\/www.toiturestroisetoiles.com\/?page_id=2359"},"modified":"2026-04-29T16:48:35","modified_gmt":"2026-04-29T16:48:35","slug":"contact","status":"publish","type":"page","link":"https:\/\/www.toiturestroisetoiles.com\/en\/contact\/","title":{"rendered":"Contact"},"content":{"rendered":"\t\t<div data-elementor-type=\"wp-page\" data-elementor-id=\"2359\" class=\"elementor elementor-2359\">\n\t\t\t\t<div class=\"elementor-element elementor-element-ca9a390 e-con-full e-flex e-con e-parent\" data-id=\"ca9a390\" data-element_type=\"container\" data-e-type=\"container\">\n\t\t<div class=\"elementor-element elementor-element-6f2df4c e-flex e-con-boxed e-con e-child\" data-id=\"6f2df4c\" data-element_type=\"container\" data-e-type=\"container\" data-settings=\"{&quot;background_background&quot;:&quot;classic&quot;}\">\n\t\t\t\t\t<div class=\"e-con-inner\">\n\t\t<div class=\"elementor-element elementor-element-fc8e76a e-con-full e-flex e-con e-child\" data-id=\"fc8e76a\" data-element_type=\"container\" data-e-type=\"container\">\n\t\t<div class=\"elementor-element elementor-element-eaefd2d e-con-full e-flex e-con e-child\" data-id=\"eaefd2d\" data-element_type=\"container\" data-e-type=\"container\" data-settings=\"{&quot;background_background&quot;:&quot;classic&quot;}\">\n\t\t\t\t<div class=\"elementor-element elementor-element-eb2e7df elementor-widget elementor-widget-text-editor\" data-id=\"eb2e7df\" data-element_type=\"widget\" data-e-type=\"widget\" data-widget_type=\"text-editor.default\">\n\t\t\t\t\t\t\t\t\t<p class=\"p1\">R\u00e9ception Toitures Trois \u00c9toiles Inc (514)365-6600<\/p><p class=\"p1\"><span style=\"text-decoration: underline;\"><a href=\"mailto:info@toiturestroisetoiles.com\">info@toiturestroisetoiles.com<\/a><\/span><\/p><p class=\"p1\">Comptes payables: poste 290<span class=\"Apple-converted-space\">\u00a0 <\/span><span style=\"text-decoration: underline;\"><a href=\"mailto:payables@t3e.co\">payables@t3e.co<\/a><\/span><\/p><p class=\"p1\">Comptes a recevoir: poste 241 <span style=\"text-decoration: underline;\"><a href=\"mailto:recevables@t3e.co\">recevables@t3e.co<\/a><\/span><\/p><p class=\"p1\">D\u00e9partement de serivce 227\/230 <a href=\"mailto:service@t3e.co\"><span style=\"text-decoration: underline;\">service@t3e.co<\/span><\/a><\/p><p class=\"p1\">Ressources Humaines : 246 <a href=\"mailto:paie@t3e.co\"><span style=\"text-decoration: underline;\">paie@t3e.co<\/span><\/a><\/p><p class=\"p1\">Ventes : 251 <span style=\"text-decoration: underline;\"><a href=\"mailto:matthieum@t3e.co\">matthieum@t3e.co<\/a><\/span><\/p>\t\t\t\t\t\t\t\t<\/div>\n\t\t\t\t<\/div>\n\t\t<div class=\"elementor-element elementor-element-e4851de e-con-full e-flex e-con e-child\" data-id=\"e4851de\" data-element_type=\"container\" data-e-type=\"container\">\n\t\t<div class=\"elementor-element elementor-element-83e8e89 e-con-full animated-slow e-flex elementor-invisible e-con e-child\" data-id=\"83e8e89\" data-element_type=\"container\" data-e-type=\"container\" data-settings=\"{&quot;animation&quot;:&quot;fadeInUp&quot;,&quot;animation_delay&quot;:2000}\">\n\t\t\t\t<div class=\"elementor-element elementor-element-74b871e elementor-widget elementor-widget-button\" data-id=\"74b871e\" data-element_type=\"widget\" data-e-type=\"widget\" data-widget_type=\"button.default\">\n\t\t\t\t\t\t\t\t\t\t<a class=\"elementor-button elementor-button-link elementor-size-sm\" href=\"#\">\n\t\t\t\t\t\t<span class=\"elementor-button-content-wrapper\">\n\t\t\t\t\t\t\t\t\t<span class=\"elementor-button-text\">info@toiturestroisetoiles.com<\/span>\n\t\t\t\t\t<\/span>\n\t\t\t\t\t<\/a>\n\t\t\t\t\t\t\t\t<\/div>\n\t\t\t\t<\/div>\n\t\t<div class=\"elementor-element elementor-element-bb08dd1 e-con-full animated-slow e-flex elementor-invisible e-con e-child\" data-id=\"bb08dd1\" data-element_type=\"container\" data-e-type=\"container\" data-settings=\"{&quot;animation&quot;:&quot;fadeInUp&quot;,&quot;animation_delay&quot;:3000}\">\n\t\t\t\t<div class=\"elementor-element elementor-element-f9fd992 elementor-widget elementor-widget-button\" data-id=\"f9fd992\" data-element_type=\"widget\" data-e-type=\"widget\" data-widget_type=\"button.default\">\n\t\t\t\t\t\t\t\t\t\t<a class=\"elementor-button elementor-button-link elementor-size-sm\" href=\"#\">\n\t\t\t\t\t\t<span class=\"elementor-button-content-wrapper\">\n\t\t\t\t\t\t\t\t\t<span class=\"elementor-button-text\">(514) 365-6600<\/span>\n\t\t\t\t\t<\/span>\n\t\t\t\t\t<\/a>\n\t\t\t\t\t\t\t\t<\/div>\n\t\t\t\t<\/div>\n\t\t\t\t<\/div>\n\t\t\t\t<div class=\"elementor-element elementor-element-f08b243 animated-slow elementor-invisible elementor-widget elementor-widget-google_maps\" data-id=\"f08b243\" data-element_type=\"widget\" data-e-type=\"widget\" data-settings=\"{&quot;_animation&quot;:&quot;fadeInLeft&quot;}\" data-widget_type=\"google_maps.default\">\n\t\t\t\t\t\t\t<div class=\"elementor-custom-embed\">\n\t\t\t<iframe loading=\"lazy\"\n\t\t\t\t\tsrc=\"https:\/\/maps.google.com\/maps?q=7550%20rue%20St-Patrick%2C%20Montr%C3%A9al&#038;t=m&#038;z=12&#038;output=embed&#038;iwloc=near\"\n\t\t\t\t\ttitle=\"7550 rue St-Patrick, Montr\u00e9al\"\n\t\t\t\t\taria-label=\"7550 rue St-Patrick, Montr\u00e9al\"\n\t\t\t><\/iframe>\n\t\t<\/div>\n\t\t\t\t\t\t<\/div>\n\t\t\t\t<\/div>\n\t\t<div class=\"elementor-element elementor-element-7c1ee04 e-con-full animated-slow e-flex elementor-invisible e-con e-child\" data-id=\"7c1ee04\" data-element_type=\"container\" data-e-type=\"container\" data-settings=\"{&quot;animation&quot;:&quot;fadeInRight&quot;}\">\n\t\t<div class=\"elementor-element elementor-element-01cbd57 e-con-full bg_blur e-flex e-con e-child\" data-id=\"01cbd57\" data-element_type=\"container\" data-e-type=\"container\" data-settings=\"{&quot;background_background&quot;:&quot;classic&quot;}\">\n\t\t\t\t<div class=\"elementor-element elementor-element-61d3a25 elementor-widget elementor-widget-heading\" data-id=\"61d3a25\" data-element_type=\"widget\" data-e-type=\"widget\" data-widget_type=\"heading.default\">\n\t\t\t\t\t<div class=\"elementor-heading-title elementor-size-default\">Contactez-nous<\/div>\t\t\t\t<\/div>\n\t\t\t\t<div class=\"elementor-element elementor-element-7defeb3 elementor-widget elementor-widget-shortcode\" data-id=\"7defeb3\" data-element_type=\"widget\" data-e-type=\"widget\" data-widget_type=\"shortcode.default\">\n\t\t\t\t\t\t\t<div class=\"elementor-shortcode\">\n<div class=\"wpcf7 no-js\" id=\"wpcf7-f2424-o1\" lang=\"en-US\" dir=\"ltr\" data-wpcf7-id=\"2424\">\n<div class=\"screen-reader-response\"><p role=\"status\" aria-live=\"polite\" aria-atomic=\"true\"><\/p> <ul><\/ul><\/div>\n<form action=\"\/en\/wp-json\/wp\/v2\/pages\/2359#wpcf7-f2424-o1\" method=\"post\" class=\"wpcf7-form init\" aria-label=\"Contact form\" novalidate=\"novalidate\" data-status=\"init\">\n<fieldset class=\"hidden-fields-container\"><input type=\"hidden\" name=\"_wpcf7\" value=\"2424\" \/><input type=\"hidden\" name=\"_wpcf7_version\" value=\"6.1.5\" \/><input type=\"hidden\" name=\"_wpcf7_locale\" value=\"en_US\" \/><input type=\"hidden\" name=\"_wpcf7_unit_tag\" value=\"wpcf7-f2424-o1\" \/><input type=\"hidden\" name=\"_wpcf7_container_post\" value=\"0\" \/><input type=\"hidden\" name=\"_wpcf7_posted_data_hash\" value=\"\" \/>\n<\/fieldset>\n<div class=\"container-form\">\n\t<div class=\"row-form1\">\n\t\t<div class=\"column\">\n\t\t\t<p><span class=\"wpcf7-form-control-wrap\" data-name=\"your-name\"><input size=\"40\" maxlength=\"400\" class=\"wpcf7-form-control wpcf7-text wpcf7-validates-as-required\" aria-required=\"true\" aria-invalid=\"false\" placeholder=\"Pr\u00e9nom*\" value=\"\" type=\"text\" name=\"your-name\" \/><\/span><br \/>\n<span class=\"wpcf7-form-control-wrap\" data-name=\"tel\"><input size=\"40\" maxlength=\"400\" class=\"wpcf7-form-control wpcf7-tel wpcf7-validates-as-required wpcf7-text wpcf7-validates-as-tel\" aria-required=\"true\" aria-invalid=\"false\" placeholder=\"T\u00e9l\u00e9phone*\" value=\"\" type=\"tel\" name=\"tel\" \/><\/span><br \/>\n<span class=\"wpcf7-form-control-wrap\" data-name=\"company\"><input size=\"40\" maxlength=\"400\" class=\"wpcf7-form-control wpcf7-text wpcf7-validates-as-required\" aria-required=\"true\" aria-invalid=\"false\" placeholder=\"Compagnie\" value=\"\" type=\"text\" name=\"company\" \/><\/span>\n\t\t\t<\/p>\n\t\t<\/div>\n\t\t<div class=\"column\">\n\t\t\t<p><span class=\"wpcf7-form-control-wrap\" data-name=\"your-name\"><input size=\"40\" maxlength=\"400\" class=\"wpcf7-form-control wpcf7-text wpcf7-validates-as-required\" aria-required=\"true\" aria-invalid=\"false\" placeholder=\"Nom*\" value=\"\" type=\"text\" name=\"your-name\" \/><\/span><br \/>\n<span class=\"wpcf7-form-control-wrap\" data-name=\"your-email\"><input size=\"40\" maxlength=\"400\" class=\"wpcf7-form-control wpcf7-email wpcf7-validates-as-required wpcf7-text wpcf7-validates-as-email\" aria-required=\"true\" aria-invalid=\"false\" placeholder=\"Email*\" value=\"\" type=\"email\" name=\"your-email\" \/><\/span><br \/>\n<span class=\"wpcf7-form-control-wrap\" data-name=\"title\"><input size=\"40\" maxlength=\"400\" class=\"wpcf7-form-control wpcf7-text wpcf7-validates-as-required\" aria-required=\"true\" aria-invalid=\"false\" placeholder=\"Titre\" value=\"\" type=\"text\" name=\"title\" \/><\/span>\n\t\t\t<\/p>\n\t\t<\/div>\n\t<\/div>\n\t<div class=\"row-form2\">\n\t\t<p><span class=\"wpcf7-form-control-wrap\" data-name=\"your-message\"><textarea cols=\"40\" rows=\"10\" maxlength=\"2000\" class=\"wpcf7-form-control wpcf7-textarea\" aria-invalid=\"false\" placeholder=\"Message\" name=\"your-message\"><\/textarea><\/span><br \/>\n<input class=\"wpcf7-form-control wpcf7-submit has-spinner\" type=\"submit\" value=\"Envoyer\" \/>\n\t\t<\/p>\n\t<\/div>\n<\/div><div class=\"wpcf7-response-output\" aria-hidden=\"true\"><\/div>\n<\/form>\n<\/div>\n<\/div>\n\t\t\t\t\t\t<\/div>\n\t\t\t\t<\/div>\n\t\t\t\t<\/div>\n\t\t\t\t\t<\/div>\n\t\t\t\t<\/div>\n\t\t\t\t<\/div>\n\t\t<div class=\"elementor-element elementor-element-29dd07c e-flex e-con-boxed e-con e-parent\" data-id=\"29dd07c\" data-element_type=\"container\" data-e-type=\"container\">\n\t\t\t\t\t<div class=\"e-con-inner\">\n\t\t\t\t<div class=\"elementor-element elementor-element-e8e09b3 elementor-widget elementor-widget-html\" data-id=\"e8e09b3\" data-element_type=\"widget\" data-e-type=\"widget\" data-widget_type=\"html.default\">\n\t\t\t\t\t<style>\n.bg_blur {\n    backdrop-filter: blur(48px);\n    background-color: rgba(255, 255, 255, 0.1);\n}\n\n.p1 {\n    font-size: 18px !important;\n}\n    \n    \n\/* FORMULAIRE *\/\n.container-form {\n    display: flex;\n    flex-direction: column;\n\tmargin-bottom: 0;\n}\n\n.row-form1 {\n\tdisplay: flex;\n\tflex-direction: row;\n\tgap: 15px;\n}\n\n.row-form1,.row-form2 {\n\twidth: 100%;\n}\n.row-form1 > .column {\n\twidth: 50%;\n}\n.row-form2 > .column {\n\twidth: 50%;\n}\n    \n.column-form1, .column-form2 {\n    width: 50%;\n}\n\n.column > p {\n\tmargin-bottom: 0;\n}\n    \n.column-form1 > p {\n    margin-bottom: 0 !important;\n\tgap: 10px;\n}\n.column-form2 > p {\n    margin-bottom: 10px !important;\n}\n\ntextarea {\n\theight: 150px;\n\tborder-radius: 10px;\n\tfont-family: 'Cooper Hewitt', Arial, sans-serif !important;\n}\n\nspan + br {\n    display: none !important;\n}\n\ninput[type=\"text\"], input[type=tel], input[type=\"email\"] {\n\tborder-radius: 50px;\n\tfont-family: 'Cooper Hewitt', Arial, sans-serif !important;\n}\n\n.wpcf7 .wpcf7-form-control-wrap {\n\tmargin-bottom: 15px;\n}\n.wpcf7 form>div, .wpcf7 form>p {\n    margin-bottom: 0;\n}\n\n.btn_contact_form {\n\tdisplay: flex;\n\tjustify-content: end;\n\twidth: 100%;\n}\n\n.btn_contact_form > p {\n\tdisplay: flex;\n\tjustify-content: end;\n\tmargin: 0;\n\twidth: 100%;\n}\n.wpcf7-spinner {display: none;}\n\n.first_name,.last_name,.email,.tel {\n\theight: 40px;\n\tpadding: 14px 16px 10px 16px !important;\n}\n\ninput[type=\"submit\"] {\n\tbackground-color: #D61624;\n\ttext-transform: uppercase;\n\tfont-size: 16px;\n    font-weight: 600 !important;\n\tpadding: 15px 15px 10px 15px;\n\tfont-family: 'Cooper Hewitt', Arial, sans-serif;\n}\n\n@media (max-width: 768px) {\n\t.container-form {\n        flex-direction: column !important;\n\t\tgap: 0;\n    }\n\t.row-form1 {\n\t\tflex-direction: column;\n\t\tgap: 0;\n\t}\n    .column-form1, .column-form2 {\n        width: 100%;\n    }\n\t.row-form1 > .column {\n\t    width: 100%;\n    }\n    .row-form2 > .column {\n    \twidth: 100%;\n    }\n\t.column-form1, .column-form2 {\n\t    width: 100%;\n\t}\n\t.btn_contact_form > p {\n\t\tmargin-right: 0px;\n\t}\n\t.wpcf7 .wpcf7-form-control-wrap {\n\t    height: auto;\n\t}\n}\n<\/style>\t\t\t\t<\/div>\n\t\t\t\t\t<\/div>\n\t\t\t\t<\/div>\n\t\t\t\t<\/div>\n\t\t","protected":false},"excerpt":{"rendered":"<p>R\u00e9ception Toitures Trois \u00c9toiles Inc (514)365-6600 info@toiturestroisetoiles.com Comptes payables: poste 290\u00a0 payables@t3e.co Comptes a recevoir: poste 241 recevables@t3e.co D\u00e9partement de [&hellip;]<\/p>\n","protected":false},"author":1,"featured_media":0,"parent":0,"menu_order":0,"comment_status":"closed","ping_status":"closed","template":"elementor_header_footer","meta":{"inline_featured_image":false,"site-sidebar-layout":"no-sidebar","site-content-layout":"","ast-site-content-layout":"full-width-container","site-content-style":"default","site-sidebar-style":"default","ast-global-header-display":"","ast-banner-title-visibility":"","ast-main-header-display":"","ast-hfb-above-header-display":"","ast-hfb-below-header-display":"","ast-hfb-mobile-header-display":"","site-post-title":"","ast-breadcrumbs-content":"","ast-featured-img":"disabled","footer-sml-layout":"","ast-disable-related-posts":"","theme-transparent-header-meta":"enabled","adv-header-id-meta":"","stick-header-meta":"","header-above-stick-meta":"","header-main-stick-meta":"","header-below-stick-meta":"","astra-migrate-meta-layouts":"default","ast-page-background-enabled":"default","ast-page-background-meta":{"desktop":{"background-color":"var(--ast-global-color-5)","background-image":"","background-repeat":"repeat","background-position":"center center","background-size":"auto","background-attachment":"scroll","background-type":"","background-media":"","overlay-type":"","overlay-color":"","overlay-opacity":"","overlay-gradient":""},"tablet":{"background-color":"","background-image":"","background-repeat":"repeat","background-position":"center center","background-size":"auto","background-attachment":"scroll","background-type":"","background-media":"","overlay-type":"","overlay-color":"","overlay-opacity":"","overlay-gradient":""},"mobile":{"background-color":"","background-image":"","background-repeat":"repeat","background-position":"center center","background-size":"auto","background-attachment":"scroll","background-type":"","background-media":"","overlay-type":"","overlay-color":"","overlay-opacity":"","overlay-gradient":""}},"ast-content-background-meta":{"desktop":{"background-color":"var(--ast-global-color-4)","background-image":"","background-repeat":"repeat","background-position":"center center","background-size":"auto","background-attachment":"scroll","background-type":"","background-media":"","overlay-type":"","overlay-color":"","overlay-opacity":"","overlay-gradient":""},"tablet":{"background-color":"var(--ast-global-color-4)","background-image":"","background-repeat":"repeat","background-position":"center center","background-size":"auto","background-attachment":"scroll","background-type":"","background-media":"","overlay-type":"","overlay-color":"","overlay-opacity":"","overlay-gradient":""},"mobile":{"background-color":"var(--ast-global-color-4)","background-image":"","background-repeat":"repeat","background-position":"center center","background-size":"auto","background-attachment":"scroll","background-type":"","background-media":"","overlay-type":"","overlay-color":"","overlay-opacity":"","overlay-gradient":""}},"footnotes":""},"class_list":["post-2359","page","type-page","status-publish","hentry"],"yoast_head":"<!-- This site is optimized with the Yoast SEO plugin v27.2 - https:\/\/yoast.com\/product\/yoast-seo-wordpress\/ -->\n<title>Nous Joindre | Couvreurs Commerciaux Qu\u00e9bec \u2013 Trois \u00c9toiles<\/title>\n<meta name=\"description\" content=\"Vous avez un projet de toiture commerciale ou industrielle au Qu\u00e9bec ? Joignez l&#039;\u00e9quipe Toitures Trois \u00c9toiles par t\u00e9l\u00e9phone ou courriel.\" \/>\n<meta name=\"robots\" content=\"index, follow, max-snippet:-1, max-image-preview:large, max-video-preview:-1\" \/>\n<link rel=\"canonical\" href=\"https:\/\/www.toiturestroisetoiles.com\/en\/contact\/\" \/>\n<meta property=\"og:locale\" content=\"en_US\" \/>\n<meta property=\"og:type\" content=\"article\" \/>\n<meta property=\"og:title\" content=\"Nous Joindre | Couvreurs Commerciaux Qu\u00e9bec \u2013 Trois \u00c9toiles\" \/>\n<meta property=\"og:description\" content=\"Vous avez un projet de toiture commerciale ou industrielle au Qu\u00e9bec ? Joignez l&#039;\u00e9quipe Toitures Trois \u00c9toiles par t\u00e9l\u00e9phone ou courriel.\" \/>\n<meta property=\"og:url\" content=\"https:\/\/www.toiturestroisetoiles.com\/en\/contact\/\" \/>\n<meta property=\"og:site_name\" content=\"Toitures trois \u00e9toiles\" \/>\n<meta property=\"article:modified_time\" content=\"2026-04-29T16:48:35+00:00\" \/>\n<meta name=\"twitter:card\" content=\"summary_large_image\" \/>\n<meta name=\"twitter:label1\" content=\"Est. reading time\" \/>\n\t<meta name=\"twitter:data1\" content=\"1 minute\" \/>\n<script type=\"application\/ld+json\" class=\"yoast-schema-graph\">{\"@context\":\"https:\/\/schema.org\",\"@graph\":[{\"@type\":\"WebPage\",\"@id\":\"https:\/\/www.toiturestroisetoiles.com\/contact\/\",\"url\":\"https:\/\/www.toiturestroisetoiles.com\/contact\/\",\"name\":\"Nous Joindre | Couvreurs Commerciaux Qu\u00e9bec \u2013 Trois \u00c9toiles\",\"isPartOf\":{\"@id\":\"https:\/\/www.toiturestroisetoiles.com\/#website\"},\"datePublished\":\"2025-12-30T22:13:01+00:00\",\"dateModified\":\"2026-04-29T16:48:35+00:00\",\"description\":\"Vous avez un projet de toiture commerciale ou industrielle au Qu\u00e9bec ? Joignez l'\u00e9quipe Toitures Trois \u00c9toiles par t\u00e9l\u00e9phone ou courriel.\",\"breadcrumb\":{\"@id\":\"https:\/\/www.toiturestroisetoiles.com\/contact\/#breadcrumb\"},\"inLanguage\":\"en-CA\",\"potentialAction\":[{\"@type\":\"ReadAction\",\"target\":[\"https:\/\/www.toiturestroisetoiles.com\/contact\/\"]}]},{\"@type\":\"BreadcrumbList\",\"@id\":\"https:\/\/www.toiturestroisetoiles.com\/contact\/#breadcrumb\",\"itemListElement\":[{\"@type\":\"ListItem\",\"position\":1,\"name\":\"Home\",\"item\":\"https:\/\/www.toiturestroisetoiles.com\/\"},{\"@type\":\"ListItem\",\"position\":2,\"name\":\"Contact\"}]},{\"@type\":\"WebSite\",\"@id\":\"https:\/\/www.toiturestroisetoiles.com\/#website\",\"url\":\"https:\/\/www.toiturestroisetoiles.com\/\",\"name\":\"Toitures trois \u00e9toiles\",\"description\":\"\",\"publisher\":{\"@id\":\"https:\/\/www.toiturestroisetoiles.com\/#organization\"},\"potentialAction\":[{\"@type\":\"SearchAction\",\"target\":{\"@type\":\"EntryPoint\",\"urlTemplate\":\"https:\/\/www.toiturestroisetoiles.com\/?s={search_term_string}\"},\"query-input\":{\"@type\":\"PropertyValueSpecification\",\"valueRequired\":true,\"valueName\":\"search_term_string\"}}],\"inLanguage\":\"en-CA\"},{\"@type\":\"Organization\",\"@id\":\"https:\/\/www.toiturestroisetoiles.com\/#organization\",\"name\":\"Toitures trois \u00e9toiles\",\"url\":\"https:\/\/www.toiturestroisetoiles.com\/\",\"logo\":{\"@type\":\"ImageObject\",\"inLanguage\":\"en-CA\",\"@id\":\"https:\/\/www.toiturestroisetoiles.com\/#\/schema\/logo\/image\/\",\"url\":\"https:\/\/www.toiturestroisetoiles.com\/wp-content\/uploads\/2025\/12\/logo_3_etoiles_mobile.png\",\"contentUrl\":\"https:\/\/www.toiturestroisetoiles.com\/wp-content\/uploads\/2025\/12\/logo_3_etoiles_mobile.png\",\"width\":375,\"height\":113,\"caption\":\"Toitures trois \u00e9toiles\"},\"image\":{\"@id\":\"https:\/\/www.toiturestroisetoiles.com\/#\/schema\/logo\/image\/\"}}]}<\/script>\n<!-- \/ Yoast SEO plugin. -->","yoast_head_json":{"title":"Nous Joindre | Couvreurs Commerciaux Qu\u00e9bec \u2013 Trois \u00c9toiles","description":"Vous avez un projet de toiture commerciale ou industrielle au Qu\u00e9bec ? Joignez l'\u00e9quipe Toitures Trois \u00c9toiles par t\u00e9l\u00e9phone ou courriel.","robots":{"index":"index","follow":"follow","max-snippet":"max-snippet:-1","max-image-preview":"max-image-preview:large","max-video-preview":"max-video-preview:-1"},"canonical":"https:\/\/www.toiturestroisetoiles.com\/en\/contact\/","og_locale":"en_US","og_type":"article","og_title":"Nous Joindre | Couvreurs Commerciaux Qu\u00e9bec \u2013 Trois \u00c9toiles","og_description":"Vous avez un projet de toiture commerciale ou industrielle au Qu\u00e9bec ? Joignez l'\u00e9quipe Toitures Trois \u00c9toiles par t\u00e9l\u00e9phone ou courriel.","og_url":"https:\/\/www.toiturestroisetoiles.com\/en\/contact\/","og_site_name":"Toitures trois \u00e9toiles","article_modified_time":"2026-04-29T16:48:35+00:00","twitter_card":"summary_large_image","twitter_misc":{"Est. reading time":"1 minute"},"schema":{"@context":"https:\/\/schema.org","@graph":[{"@type":"WebPage","@id":"https:\/\/www.toiturestroisetoiles.com\/contact\/","url":"https:\/\/www.toiturestroisetoiles.com\/contact\/","name":"Nous Joindre | Couvreurs Commerciaux Qu\u00e9bec \u2013 Trois \u00c9toiles","isPartOf":{"@id":"https:\/\/www.toiturestroisetoiles.com\/#website"},"datePublished":"2025-12-30T22:13:01+00:00","dateModified":"2026-04-29T16:48:35+00:00","description":"Vous avez un projet de toiture commerciale ou industrielle au Qu\u00e9bec ? Joignez l'\u00e9quipe Toitures Trois \u00c9toiles par t\u00e9l\u00e9phone ou courriel.","breadcrumb":{"@id":"https:\/\/www.toiturestroisetoiles.com\/contact\/#breadcrumb"},"inLanguage":"en-CA","potentialAction":[{"@type":"ReadAction","target":["https:\/\/www.toiturestroisetoiles.com\/contact\/"]}]},{"@type":"BreadcrumbList","@id":"https:\/\/www.toiturestroisetoiles.com\/contact\/#breadcrumb","itemListElement":[{"@type":"ListItem","position":1,"name":"Home","item":"https:\/\/www.toiturestroisetoiles.com\/"},{"@type":"ListItem","position":2,"name":"Contact"}]},{"@type":"WebSite","@id":"https:\/\/www.toiturestroisetoiles.com\/#website","url":"https:\/\/www.toiturestroisetoiles.com\/","name":"Toitures trois \u00e9toiles","description":"","publisher":{"@id":"https:\/\/www.toiturestroisetoiles.com\/#organization"},"potentialAction":[{"@type":"SearchAction","target":{"@type":"EntryPoint","urlTemplate":"https:\/\/www.toiturestroisetoiles.com\/?s={search_term_string}"},"query-input":{"@type":"PropertyValueSpecification","valueRequired":true,"valueName":"search_term_string"}}],"inLanguage":"en-CA"},{"@type":"Organization","@id":"https:\/\/www.toiturestroisetoiles.com\/#organization","name":"Toitures trois \u00e9toiles","url":"https:\/\/www.toiturestroisetoiles.com\/","logo":{"@type":"ImageObject","inLanguage":"en-CA","@id":"https:\/\/www.toiturestroisetoiles.com\/#\/schema\/logo\/image\/","url":"https:\/\/www.toiturestroisetoiles.com\/wp-content\/uploads\/2025\/12\/logo_3_etoiles_mobile.png","contentUrl":"https:\/\/www.toiturestroisetoiles.com\/wp-content\/uploads\/2025\/12\/logo_3_etoiles_mobile.png","width":375,"height":113,"caption":"Toitures trois \u00e9toiles"},"image":{"@id":"https:\/\/www.toiturestroisetoiles.com\/#\/schema\/logo\/image\/"}}]}},"_links":{"self":[{"href":"https:\/\/www.toiturestroisetoiles.com\/en\/wp-json\/wp\/v2\/pages\/2359","targetHints":{"allow":["GET"]}}],"collection":[{"href":"https:\/\/www.toiturestroisetoiles.com\/en\/wp-json\/wp\/v2\/pages"}],"about":[{"href":"https:\/\/www.toiturestroisetoiles.com\/en\/wp-json\/wp\/v2\/types\/page"}],"author":[{"embeddable":true,"href":"https:\/\/www.toiturestroisetoiles.com\/en\/wp-json\/wp\/v2\/users\/1"}],"replies":[{"embeddable":true,"href":"https:\/\/www.toiturestroisetoiles.com\/en\/wp-json\/wp\/v2\/comments?post=2359"}],"version-history":[{"count":175,"href":"https:\/\/www.toiturestroisetoiles.com\/en\/wp-json\/wp\/v2\/pages\/2359\/revisions"}],"predecessor-version":[{"id":7892,"href":"https:\/\/www.toiturestroisetoiles.com\/en\/wp-json\/wp\/v2\/pages\/2359\/revisions\/7892"}],"wp:attachment":[{"href":"https:\/\/www.toiturestroisetoiles.com\/en\/wp-json\/wp\/v2\/media?parent=2359"}],"curies":[{"name":"wp","href":"https:\/\/api.w.org\/{rel}","templated":true}]}}