{"id":7673,"date":"2026-04-22T01:37:28","date_gmt":"2026-04-22T01:37:28","guid":{"rendered":"https:\/\/www.toiturestroisetoiles.com\/?page_id=7673"},"modified":"2026-04-22T01:48:45","modified_gmt":"2026-04-22T01:48:45","slug":"page-en-construction","status":"publish","type":"page","link":"https:\/\/www.toiturestroisetoiles.com\/en\/page-en-construction\/","title":{"rendered":"Page Under Construction"},"content":{"rendered":"<div data-elementor-type=\"wp-page\" data-elementor-id=\"7673\" class=\"elementor elementor-7673\">\n\t\t\t\t<div class=\"elementor-element elementor-element-dae9035 e-flex e-con-boxed e-con e-parent\" data-id=\"dae9035\" data-element_type=\"container\" data-e-type=\"container\">\n\t\t\t\t\t<div class=\"e-con-inner\">\n\t\t<div class=\"elementor-element elementor-element-8cf071a e-con-full e-flex e-con e-child\" data-id=\"8cf071a\" data-element_type=\"container\" data-e-type=\"container\">\n\t\t\t\t<div class=\"elementor-element elementor-element-d320002 elementor-widget elementor-widget-image\" data-id=\"d320002\" data-element_type=\"widget\" data-e-type=\"widget\" data-widget_type=\"image.default\">\n\t\t\t\t\t\t\t\t\t\t\t\t\t\t\t<img fetchpriority=\"high\" decoding=\"async\" width=\"1024\" height=\"1024\" src=\"https:\/\/www.toiturestroisetoiles.com\/wp-content\/uploads\/2026\/04\/icon_construction.svg\" class=\"attachment-large size-large wp-image-7698\" alt=\"\" \/>\t\t\t\t\t\t\t\t\t\t\t\t\t\t\t<\/div>\n\t\t\t\t<div class=\"elementor-element elementor-element-31bad33 elementor-widget elementor-widget-heading\" data-id=\"31bad33\" data-element_type=\"widget\" data-e-type=\"widget\" data-widget_type=\"heading.default\">\n\t\t\t\t\t<h2 class=\"elementor-heading-title elementor-size-default\">Page Under Construction<\/h2>\t\t\t\t<\/div>\n\t\t\t\t<div class=\"elementor-element elementor-element-22f0bee elementor-widget elementor-widget-heading\" data-id=\"22f0bee\" data-element_type=\"widget\" data-e-type=\"widget\" data-widget_type=\"heading.default\">\n\t\t\t\t\t<h2 class=\"elementor-heading-title elementor-size-default\">We are currently working on improving this section to offer you an even more complete and high-performing experience.<\/h2>\t\t\t\t<\/div>\n\t\t\t\t<div class=\"elementor-element elementor-element-657d814 elementor-widget elementor-widget-heading\" data-id=\"657d814\" data-element_type=\"widget\" data-e-type=\"widget\" data-widget_type=\"heading.default\">\n\t\t\t\t\t<h2 class=\"elementor-heading-title elementor-size-default\">In the meantime, we remain available for any inquiries.<\/h2>\t\t\t\t<\/div>\n\t\t\t\t<\/div>\n\t\t\t\t\t<\/div>\n\t\t\t\t<\/div>\n\t\t\t\t<\/div>","protected":false},"excerpt":{"rendered":"<p>Page en construction Nous travaillons actuellement \u00e0 l\u2019am\u00e9lioration de cette section afin de vous offrir une exp\u00e9rience encore plus compl\u00e8te [&hellip;]<\/p>\n","protected":false},"author":1,"featured_media":0,"parent":0,"menu_order":0,"comment_status":"closed","ping_status":"closed","template":"elementor_header_footer","meta":{"inline_featured_image":false,"site-sidebar-layout":"no-sidebar","site-content-layout":"","ast-site-content-layout":"full-width-container","site-content-style":"default","site-sidebar-style":"default","ast-global-header-display":"","ast-banner-title-visibility":"","ast-main-header-display":"","ast-hfb-above-header-display":"","ast-hfb-below-header-display":"","ast-hfb-mobile-header-display":"","site-post-title":"","ast-breadcrumbs-content":"","ast-featured-img":"disabled","footer-sml-layout":"","ast-disable-related-posts":"","theme-transparent-header-meta":"enabled","adv-header-id-meta":"","stick-header-meta":"","header-above-stick-meta":"","header-main-stick-meta":"","header-below-stick-meta":"","astra-migrate-meta-layouts":"default","ast-page-background-enabled":"default","ast-page-background-meta":{"desktop":{"background-color":"var(--ast-global-color-5)","background-image":"","background-repeat":"repeat","background-position":"center center","background-size":"auto","background-attachment":"scroll","background-type":"","background-media":"","overlay-type":"","overlay-color":"","overlay-opacity":"","overlay-gradient":""},"tablet":{"background-color":"","background-image":"","background-repeat":"repeat","background-position":"center center","background-size":"auto","background-attachment":"scroll","background-type":"","background-media":"","overlay-type":"","overlay-color":"","overlay-opacity":"","overlay-gradient":""},"mobile":{"background-color":"","background-image":"","background-repeat":"repeat","background-position":"center center","background-size":"auto","background-attachment":"scroll","background-type":"","background-media":"","overlay-type":"","overlay-color":"","overlay-opacity":"","overlay-gradient":""}},"ast-content-background-meta":{"desktop":{"background-color":"var(--ast-global-color-4)","background-image":"","background-repeat":"repeat","background-position":"center center","background-size":"auto","background-attachment":"scroll","background-type":"","background-media":"","overlay-type":"","overlay-color":"","overlay-opacity":"","overlay-gradient":""},"tablet":{"background-color":"var(--ast-global-color-4)","background-image":"","background-repeat":"repeat","background-position":"center center","background-size":"auto","background-attachment":"scroll","background-type":"","background-media":"","overlay-type":"","overlay-color":"","overlay-opacity":"","overlay-gradient":""},"mobile":{"background-color":"var(--ast-global-color-4)","background-image":"","background-repeat":"repeat","background-position":"center center","background-size":"auto","background-attachment":"scroll","background-type":"","background-media":"","overlay-type":"","overlay-color":"","overlay-opacity":"","overlay-gradient":""}},"footnotes":""},"class_list":["post-7673","page","type-page","status-publish","hentry"],"yoast_head":"<!-- This site is optimized with the Yoast SEO plugin v27.2 - https:\/\/yoast.com\/product\/yoast-seo-wordpress\/ -->\n<title>Page en construction - Toitures trois \u00e9toiles<\/title>\n<meta name=\"robots\" content=\"index, follow, max-snippet:-1, max-image-preview:large, max-video-preview:-1\" \/>\n<link rel=\"canonical\" href=\"https:\/\/www.toiturestroisetoiles.com\/en\/page-en-construction\/\" \/>\n<meta property=\"og:locale\" content=\"en_US\" \/>\n<meta property=\"og:type\" content=\"article\" \/>\n<meta property=\"og:title\" content=\"Page en construction - Toitures trois \u00e9toiles\" \/>\n<meta property=\"og:description\" content=\"Page en construction Nous travaillons actuellement \u00e0 l\u2019am\u00e9lioration de cette section afin de vous offrir une exp\u00e9rience encore plus compl\u00e8te [&hellip;]\" \/>\n<meta property=\"og:url\" content=\"https:\/\/www.toiturestroisetoiles.com\/en\/page-en-construction\/\" \/>\n<meta property=\"og:site_name\" content=\"Toitures trois \u00e9toiles\" \/>\n<meta property=\"article:modified_time\" content=\"2026-04-22T01:48:45+00:00\" \/>\n<meta property=\"og:image\" content=\"https:\/\/www.toiturestroisetoiles.com\/wp-content\/uploads\/2026\/04\/icon_construction.svg\" \/>\n<meta name=\"twitter:card\" content=\"summary_large_image\" \/>\n<meta name=\"twitter:label1\" content=\"Est. reading time\" \/>\n\t<meta name=\"twitter:data1\" content=\"1 minute\" \/>\n<script type=\"application\/ld+json\" class=\"yoast-schema-graph\">{\"@context\":\"https:\/\/schema.org\",\"@graph\":[{\"@type\":\"WebPage\",\"@id\":\"https:\/\/www.toiturestroisetoiles.com\/page-en-construction\/\",\"url\":\"https:\/\/www.toiturestroisetoiles.com\/page-en-construction\/\",\"name\":\"Page en construction - Toitures trois \u00e9toiles\",\"isPartOf\":{\"@id\":\"https:\/\/www.toiturestroisetoiles.com\/#website\"},\"primaryImageOfPage\":{\"@id\":\"https:\/\/www.toiturestroisetoiles.com\/page-en-construction\/#primaryimage\"},\"image\":{\"@id\":\"https:\/\/www.toiturestroisetoiles.com\/page-en-construction\/#primaryimage\"},\"thumbnailUrl\":\"https:\/\/www.toiturestroisetoiles.com\/wp-content\/uploads\/2026\/04\/icon_construction.svg\",\"datePublished\":\"2026-04-22T01:37:28+00:00\",\"dateModified\":\"2026-04-22T01:48:45+00:00\",\"breadcrumb\":{\"@id\":\"https:\/\/www.toiturestroisetoiles.com\/page-en-construction\/#breadcrumb\"},\"inLanguage\":\"en-CA\",\"potentialAction\":[{\"@type\":\"ReadAction\",\"target\":[\"https:\/\/www.toiturestroisetoiles.com\/page-en-construction\/\"]}]},{\"@type\":\"ImageObject\",\"inLanguage\":\"en-CA\",\"@id\":\"https:\/\/www.toiturestroisetoiles.com\/page-en-construction\/#primaryimage\",\"url\":\"https:\/\/www.toiturestroisetoiles.com\/wp-content\/uploads\/2026\/04\/icon_construction.svg\",\"contentUrl\":\"https:\/\/www.toiturestroisetoiles.com\/wp-content\/uploads\/2026\/04\/icon_construction.svg\"},{\"@type\":\"BreadcrumbList\",\"@id\":\"https:\/\/www.toiturestroisetoiles.com\/page-en-construction\/#breadcrumb\",\"itemListElement\":[{\"@type\":\"ListItem\",\"position\":1,\"name\":\"Home\",\"item\":\"https:\/\/www.toiturestroisetoiles.com\/\"},{\"@type\":\"ListItem\",\"position\":2,\"name\":\"Page en construction\"}]},{\"@type\":\"WebSite\",\"@id\":\"https:\/\/www.toiturestroisetoiles.com\/#website\",\"url\":\"https:\/\/www.toiturestroisetoiles.com\/\",\"name\":\"Toitures trois \u00e9toiles\",\"description\":\"\",\"publisher\":{\"@id\":\"https:\/\/www.toiturestroisetoiles.com\/#organization\"},\"potentialAction\":[{\"@type\":\"SearchAction\",\"target\":{\"@type\":\"EntryPoint\",\"urlTemplate\":\"https:\/\/www.toiturestroisetoiles.com\/?s={search_term_string}\"},\"query-input\":{\"@type\":\"PropertyValueSpecification\",\"valueRequired\":true,\"valueName\":\"search_term_string\"}}],\"inLanguage\":\"en-CA\"},{\"@type\":\"Organization\",\"@id\":\"https:\/\/www.toiturestroisetoiles.com\/#organization\",\"name\":\"Toitures trois \u00e9toiles\",\"url\":\"https:\/\/www.toiturestroisetoiles.com\/\",\"logo\":{\"@type\":\"ImageObject\",\"inLanguage\":\"en-CA\",\"@id\":\"https:\/\/www.toiturestroisetoiles.com\/#\/schema\/logo\/image\/\",\"url\":\"https:\/\/www.toiturestroisetoiles.com\/wp-content\/uploads\/2025\/12\/logo_3_etoiles_mobile.png\",\"contentUrl\":\"https:\/\/www.toiturestroisetoiles.com\/wp-content\/uploads\/2025\/12\/logo_3_etoiles_mobile.png\",\"width\":375,\"height\":113,\"caption\":\"Toitures trois \u00e9toiles\"},\"image\":{\"@id\":\"https:\/\/www.toiturestroisetoiles.com\/#\/schema\/logo\/image\/\"}}]}<\/script>\n<!-- \/ Yoast SEO plugin. -->","yoast_head_json":{"title":"Page en construction - Toitures trois \u00e9toiles","robots":{"index":"index","follow":"follow","max-snippet":"max-snippet:-1","max-image-preview":"max-image-preview:large","max-video-preview":"max-video-preview:-1"},"canonical":"https:\/\/www.toiturestroisetoiles.com\/en\/page-en-construction\/","og_locale":"en_US","og_type":"article","og_title":"Page en construction - Toitures trois \u00e9toiles","og_description":"Page en construction Nous travaillons actuellement \u00e0 l\u2019am\u00e9lioration de cette section afin de vous offrir une exp\u00e9rience encore plus compl\u00e8te [&hellip;]","og_url":"https:\/\/www.toiturestroisetoiles.com\/en\/page-en-construction\/","og_site_name":"Toitures trois \u00e9toiles","article_modified_time":"2026-04-22T01:48:45+00:00","og_image":[{"url":"https:\/\/www.toiturestroisetoiles.com\/wp-content\/uploads\/2026\/04\/icon_construction.svg","type":"","width":"","height":""}],"twitter_card":"summary_large_image","twitter_misc":{"Est. reading time":"1 minute"},"schema":{"@context":"https:\/\/schema.org","@graph":[{"@type":"WebPage","@id":"https:\/\/www.toiturestroisetoiles.com\/page-en-construction\/","url":"https:\/\/www.toiturestroisetoiles.com\/page-en-construction\/","name":"Page en construction - Toitures trois \u00e9toiles","isPartOf":{"@id":"https:\/\/www.toiturestroisetoiles.com\/#website"},"primaryImageOfPage":{"@id":"https:\/\/www.toiturestroisetoiles.com\/page-en-construction\/#primaryimage"},"image":{"@id":"https:\/\/www.toiturestroisetoiles.com\/page-en-construction\/#primaryimage"},"thumbnailUrl":"https:\/\/www.toiturestroisetoiles.com\/wp-content\/uploads\/2026\/04\/icon_construction.svg","datePublished":"2026-04-22T01:37:28+00:00","dateModified":"2026-04-22T01:48:45+00:00","breadcrumb":{"@id":"https:\/\/www.toiturestroisetoiles.com\/page-en-construction\/#breadcrumb"},"inLanguage":"en-CA","potentialAction":[{"@type":"ReadAction","target":["https:\/\/www.toiturestroisetoiles.com\/page-en-construction\/"]}]},{"@type":"ImageObject","inLanguage":"en-CA","@id":"https:\/\/www.toiturestroisetoiles.com\/page-en-construction\/#primaryimage","url":"https:\/\/www.toiturestroisetoiles.com\/wp-content\/uploads\/2026\/04\/icon_construction.svg","contentUrl":"https:\/\/www.toiturestroisetoiles.com\/wp-content\/uploads\/2026\/04\/icon_construction.svg"},{"@type":"BreadcrumbList","@id":"https:\/\/www.toiturestroisetoiles.com\/page-en-construction\/#breadcrumb","itemListElement":[{"@type":"ListItem","position":1,"name":"Home","item":"https:\/\/www.toiturestroisetoiles.com\/"},{"@type":"ListItem","position":2,"name":"Page en construction"}]},{"@type":"WebSite","@id":"https:\/\/www.toiturestroisetoiles.com\/#website","url":"https:\/\/www.toiturestroisetoiles.com\/","name":"Toitures trois \u00e9toiles","description":"","publisher":{"@id":"https:\/\/www.toiturestroisetoiles.com\/#organization"},"potentialAction":[{"@type":"SearchAction","target":{"@type":"EntryPoint","urlTemplate":"https:\/\/www.toiturestroisetoiles.com\/?s={search_term_string}"},"query-input":{"@type":"PropertyValueSpecification","valueRequired":true,"valueName":"search_term_string"}}],"inLanguage":"en-CA"},{"@type":"Organization","@id":"https:\/\/www.toiturestroisetoiles.com\/#organization","name":"Toitures trois \u00e9toiles","url":"https:\/\/www.toiturestroisetoiles.com\/","logo":{"@type":"ImageObject","inLanguage":"en-CA","@id":"https:\/\/www.toiturestroisetoiles.com\/#\/schema\/logo\/image\/","url":"https:\/\/www.toiturestroisetoiles.com\/wp-content\/uploads\/2025\/12\/logo_3_etoiles_mobile.png","contentUrl":"https:\/\/www.toiturestroisetoiles.com\/wp-content\/uploads\/2025\/12\/logo_3_etoiles_mobile.png","width":375,"height":113,"caption":"Toitures trois \u00e9toiles"},"image":{"@id":"https:\/\/www.toiturestroisetoiles.com\/#\/schema\/logo\/image\/"}}]}},"_links":{"self":[{"href":"https:\/\/www.toiturestroisetoiles.com\/en\/wp-json\/wp\/v2\/pages\/7673","targetHints":{"allow":["GET"]}}],"collection":[{"href":"https:\/\/www.toiturestroisetoiles.com\/en\/wp-json\/wp\/v2\/pages"}],"about":[{"href":"https:\/\/www.toiturestroisetoiles.com\/en\/wp-json\/wp\/v2\/types\/page"}],"author":[{"embeddable":true,"href":"https:\/\/www.toiturestroisetoiles.com\/en\/wp-json\/wp\/v2\/users\/1"}],"replies":[{"embeddable":true,"href":"https:\/\/www.toiturestroisetoiles.com\/en\/wp-json\/wp\/v2\/comments?post=7673"}],"version-history":[{"count":31,"href":"https:\/\/www.toiturestroisetoiles.com\/en\/wp-json\/wp\/v2\/pages\/7673\/revisions"}],"predecessor-version":[{"id":7708,"href":"https:\/\/www.toiturestroisetoiles.com\/en\/wp-json\/wp\/v2\/pages\/7673\/revisions\/7708"}],"wp:attachment":[{"href":"https:\/\/www.toiturestroisetoiles.com\/en\/wp-json\/wp\/v2\/media?parent=7673"}],"curies":[{"name":"wp","href":"https:\/\/api.w.org\/{rel}","templated":true}]}}