{"id":7905,"date":"2026-04-29T17:05:29","date_gmt":"2026-04-29T17:05:29","guid":{"rendered":"https:\/\/www.toiturestroisetoiles.com\/?page_id=7905"},"modified":"2026-05-08T14:09:40","modified_gmt":"2026-05-08T14:09:40","slug":"blog","status":"publish","type":"page","link":"https:\/\/www.toiturestroisetoiles.com\/en\/blog\/","title":{"rendered":"Blog"},"content":{"rendered":"<div data-elementor-type=\"wp-page\" data-elementor-id=\"7905\" class=\"elementor elementor-7905\">\n\t\t\t\t<div class=\"elementor-element elementor-element-2a64f2d4 e-con-full e-flex e-con e-parent\" data-id=\"2a64f2d4\" data-element_type=\"container\" data-e-type=\"container\">\n\t\t<div class=\"elementor-element elementor-element-6dcb5d5c e-con-full e-flex e-con e-child\" data-id=\"6dcb5d5c\" data-element_type=\"container\" data-e-type=\"container\" data-settings=\"{&quot;background_background&quot;:&quot;classic&quot;}\">\n\t\t<div class=\"elementor-element elementor-element-2de13120 e-con-full e-flex e-con e-child\" data-id=\"2de13120\" data-element_type=\"container\" data-e-type=\"container\">\n\t\t\t\t<div class=\"elementor-element elementor-element-78d8975 elementor-widget elementor-widget-heading\" data-id=\"78d8975\" data-element_type=\"widget\" data-e-type=\"widget\" data-widget_type=\"heading.default\">\n\t\t\t\t\t<h2 class=\"elementor-heading-title elementor-size-default\">Blog<\/h2>\t\t\t\t<\/div>\n\t\t\t\t<div class=\"elementor-element elementor-element-75c1e966 elementor-widget elementor-widget-button\" data-id=\"75c1e966\" data-element_type=\"widget\" data-e-type=\"widget\" data-widget_type=\"button.default\">\n\t\t\t\t\t\t\t\t\t\t<a class=\"elementor-button elementor-button-link elementor-size-sm\" href=\"#\">\n\t\t\t\t\t\t<span class=\"elementor-button-content-wrapper\">\n\t\t\t\t\t\t\t\t\t<span class=\"elementor-button-text\">WORK WITH US<\/span>\n\t\t\t\t\t<\/span>\n\t\t\t\t\t<\/a>\n\t\t\t\t\t\t\t\t<\/div>\n\t\t\t\t<\/div>\n\t\t<div class=\"elementor-element elementor-element-7b7cd1a8 e-con-full elementor-hidden-tablet elementor-hidden-mobile e-flex e-con e-child\" data-id=\"7b7cd1a8\" data-element_type=\"container\" data-e-type=\"container\">\n\t\t\t\t<\/div>\n\t\t\t\t<\/div>\n\t\t\t\t<\/div>\n\t\t<div class=\"elementor-element elementor-element-bbb841f e-flex e-con-boxed e-con e-parent\" data-id=\"bbb841f\" data-element_type=\"container\" data-e-type=\"container\">\n\t\t\t\t\t<div class=\"e-con-inner\">\n\t\t<div class=\"elementor-element elementor-element-774473b e-con-full e-flex e-con e-child\" data-id=\"774473b\" data-element_type=\"container\" data-e-type=\"container\" data-settings=\"{&quot;background_background&quot;:&quot;classic&quot;}\">\n\t\t<div class=\"elementor-element elementor-element-a3f166b e-con-full e-flex e-con e-child\" data-id=\"a3f166b\" data-element_type=\"container\" data-e-type=\"container\">\n\t\t<div class=\"elementor-element elementor-element-789b866 e-con-full e-flex e-con e-child\" data-id=\"789b866\" data-element_type=\"container\" data-e-type=\"container\">\n\t\t\t\t<div class=\"elementor-element elementor-element-96bff3b elementor-widget elementor-widget-heading\" data-id=\"96bff3b\" data-element_type=\"widget\" data-e-type=\"widget\" data-widget_type=\"heading.default\">\n\t\t\t\t\t<h2 class=\"elementor-heading-title elementor-size-default\">A Cross-sectional Look at Construction in Quebec<\/h2>\t\t\t\t<\/div>\n\t\t\t\t<\/div>\n\t\t\t\t<div class=\"elementor-element elementor-element-37e900c elementor-widget elementor-widget-heading\" data-id=\"37e900c\" data-element_type=\"widget\" data-e-type=\"widget\" data-widget_type=\"heading.default\">\n\t\t\t\t\t<h2 class=\"elementor-heading-title elementor-size-default\">Just because problems have persisted for decades doesn't mean they can't be fixed.<\/h2>\t\t\t\t<\/div>\n\t\t\t\t<div class=\"elementor-element elementor-element-172cdb8 elementor-widget elementor-widget-button\" data-id=\"172cdb8\" data-element_type=\"widget\" data-e-type=\"widget\" data-widget_type=\"button.default\">\n\t\t\t\t\t\t\t\t\t\t<a class=\"elementor-button elementor-button-link elementor-size-sm\" href=\"https:\/\/jbcmediakiosk.milibris.com\/reader\/4d3e30ac-c8eb-4fdd-acd7-f11f1315d083?origin=%2Fchampions-de-la-construction%2Fchampions-de-la-construction%2Fn1-2026\" target=\"_blank\">\n\t\t\t\t\t\t<span class=\"elementor-button-content-wrapper\">\n\t\t\t\t\t\t\t\t\t<span class=\"elementor-button-text\">Read More \u2192<\/span>\n\t\t\t\t\t<\/span>\n\t\t\t\t\t<\/a>\n\t\t\t\t\t\t\t\t<\/div>\n\t\t\t\t<\/div>\n\t\t<div class=\"elementor-element elementor-element-5758342 e-con-full e-flex e-con e-child\" data-id=\"5758342\" data-element_type=\"container\" data-e-type=\"container\" data-settings=\"{&quot;background_background&quot;:&quot;classic&quot;}\">\n\t\t\t\t<\/div>\n\t\t\t\t<\/div>\n\t\t<div class=\"elementor-element elementor-element-09eff1f e-con-full e-flex e-con e-child\" data-id=\"09eff1f\" data-element_type=\"container\" data-e-type=\"container\" data-settings=\"{&quot;background_background&quot;:&quot;classic&quot;}\">\n\t\t<div class=\"elementor-element elementor-element-e3abe95 e-con-full e-flex e-con e-child\" data-id=\"e3abe95\" data-element_type=\"container\" data-e-type=\"container\">\n\t\t<div class=\"elementor-element elementor-element-b98d91c e-con-full e-flex e-con e-child\" data-id=\"b98d91c\" data-element_type=\"container\" data-e-type=\"container\">\n\t\t\t\t<div class=\"elementor-element elementor-element-16d0147 elementor-widget elementor-widget-heading\" data-id=\"16d0147\" data-element_type=\"widget\" data-e-type=\"widget\" data-widget_type=\"heading.default\">\n\t\t\t\t\t<h2 class=\"elementor-heading-title elementor-size-default\">IKO recognized for 40 years of membership in the Quebec Master Roofers Association\n<\/h2>\t\t\t\t<\/div>\n\t\t\t\t<\/div>\n\t\t\t\t<div class=\"elementor-element elementor-element-8c8dbbd elementor-widget elementor-widget-heading\" data-id=\"8c8dbbd\" data-element_type=\"widget\" data-e-type=\"widget\" data-widget_type=\"heading.default\">\n\t\t\t\t\t<h2 class=\"elementor-heading-title elementor-size-default\">IKO was recognized for its 40 years of membership in the Quebec Master Roofers Association (AMCQ) at the congress and...<\/h2>\t\t\t\t<\/div>\n\t\t\t\t<div class=\"elementor-element elementor-element-f7aa590 elementor-widget elementor-widget-button\" data-id=\"f7aa590\" data-element_type=\"widget\" data-e-type=\"widget\" data-widget_type=\"button.default\">\n\t\t\t\t\t\t\t\t\t\t<a class=\"elementor-button elementor-button-link elementor-size-sm\" href=\"https:\/\/www.iko.com\/na\/iko-recognized-for-40-years-of-membership-with-the-quebec-master-roofing-association\/?fbclid=IwdGRjcAQK5X9leHRuA2FlbQIxMQBzcnRjBmFwcF9pZAo2NjI4NTY4Mzc5AAEeYD2Ga9-n8bjULgsoT1mhCv4qHSbqTiaAksSPRUsdmr8TyvdEHognQqQJGas_aem_NqkxW5c2G_6dJlnPEqpEdQ\" target=\"_blank\">\n\t\t\t\t\t\t<span class=\"elementor-button-content-wrapper\">\n\t\t\t\t\t\t\t\t\t<span class=\"elementor-button-text\">Read More \u2192<\/span>\n\t\t\t\t\t<\/span>\n\t\t\t\t\t<\/a>\n\t\t\t\t\t\t\t\t<\/div>\n\t\t\t\t<\/div>\n\t\t<div class=\"elementor-element elementor-element-60194e8 e-con-full e-flex e-con e-child\" data-id=\"60194e8\" data-element_type=\"container\" data-e-type=\"container\" data-settings=\"{&quot;background_background&quot;:&quot;classic&quot;}\">\n\t\t\t\t<\/div>\n\t\t\t\t<\/div>\n\t\t<div class=\"elementor-element elementor-element-8390980 e-con-full e-flex e-con e-child\" data-id=\"8390980\" data-element_type=\"container\" data-e-type=\"container\" data-settings=\"{&quot;background_background&quot;:&quot;classic&quot;}\">\n\t\t<div class=\"elementor-element elementor-element-609a650 e-con-full e-flex e-con e-child\" data-id=\"609a650\" data-element_type=\"container\" data-e-type=\"container\">\n\t\t<div class=\"elementor-element elementor-element-c9bb187 e-con-full e-flex e-con e-child\" data-id=\"c9bb187\" data-element_type=\"container\" data-e-type=\"container\">\n\t\t\t\t<div class=\"elementor-element elementor-element-6d6cec0 elementor-widget elementor-widget-heading\" data-id=\"6d6cec0\" data-element_type=\"widget\" data-e-type=\"widget\" data-widget_type=\"heading.default\">\n\t\t\t\t\t<h2 class=\"elementor-heading-title elementor-size-default\">Ecological Transition Program<\/h2>\t\t\t\t<\/div>\n\t\t\t\t<\/div>\n\t\t\t\t<div class=\"elementor-element elementor-element-44f90eb elementor-widget elementor-widget-heading\" data-id=\"44f90eb\" data-element_type=\"widget\" data-e-type=\"widget\" data-widget_type=\"heading.default\">\n\t\t\t\t\t<h2 class=\"elementor-heading-title elementor-size-default\">With the conclusion of this 3rd cohort, the Ecological Transition Program reaches a defining milestone, marking the end of the mandate that had been granted to the School...<\/h2>\t\t\t\t<\/div>\n\t\t\t\t<div class=\"elementor-element elementor-element-09b8e09 elementor-widget elementor-widget-button\" data-id=\"09b8e09\" data-element_type=\"widget\" data-e-type=\"widget\" data-widget_type=\"button.default\">\n\t\t\t\t\t\t\t\t\t\t<a class=\"elementor-button elementor-button-link elementor-size-sm\" href=\"https:\/\/www.facebook.com\/100064785547036\/posts\/1407168794785959\/?mibextid=wwXIfr&#038;rdid=hcFXljAzjdlLXnOC#\" target=\"_blank\">\n\t\t\t\t\t\t<span class=\"elementor-button-content-wrapper\">\n\t\t\t\t\t\t\t\t\t<span class=\"elementor-button-text\">Read More \u2192<\/span>\n\t\t\t\t\t<\/span>\n\t\t\t\t\t<\/a>\n\t\t\t\t\t\t\t\t<\/div>\n\t\t\t\t<\/div>\n\t\t<div class=\"elementor-element elementor-element-4043d67 e-con-full e-flex e-con e-child\" data-id=\"4043d67\" data-element_type=\"container\" data-e-type=\"container\" data-settings=\"{&quot;background_background&quot;:&quot;classic&quot;}\">\n\t\t\t\t<\/div>\n\t\t\t\t<\/div>\n\t\t<div class=\"elementor-element elementor-element-6cd3519 e-con-full e-flex e-con e-child\" data-id=\"6cd3519\" data-element_type=\"container\" data-e-type=\"container\" data-settings=\"{&quot;background_background&quot;:&quot;classic&quot;}\">\n\t\t<div class=\"elementor-element elementor-element-83c5303 e-con-full e-flex e-con e-child\" data-id=\"83c5303\" data-element_type=\"container\" data-e-type=\"container\">\n\t\t<div class=\"elementor-element elementor-element-610fbff e-con-full e-flex e-con e-child\" data-id=\"610fbff\" data-element_type=\"container\" data-e-type=\"container\">\n\t\t\t\t<div class=\"elementor-element elementor-element-e345c5e elementor-widget elementor-widget-heading\" data-id=\"e345c5e\" data-element_type=\"widget\" data-e-type=\"widget\" data-widget_type=\"heading.default\">\n\t\t\t\t\t<h2 class=\"elementor-heading-title elementor-size-default\">Leadership Transition on the AMCQ Board of Directors<\/h2>\t\t\t\t<\/div>\n\t\t\t\t<\/div>\n\t\t\t\t<div class=\"elementor-element elementor-element-d36a04d elementor-widget elementor-widget-heading\" data-id=\"d36a04d\" data-element_type=\"widget\" data-e-type=\"widget\" data-widget_type=\"heading.default\">\n\t\t\t\t\t<h2 class=\"elementor-heading-title elementor-size-default\">At its annual general meeting held on Friday, February 6, the Quebec Master Roofers Association (AMCQ) officially announced...<\/h2>\t\t\t\t<\/div>\n\t\t\t\t<div class=\"elementor-element elementor-element-4fd584c elementor-widget elementor-widget-button\" data-id=\"4fd584c\" data-element_type=\"widget\" data-e-type=\"widget\" data-widget_type=\"button.default\">\n\t\t\t\t\t\t\t\t\t\t<a class=\"elementor-button elementor-button-link elementor-size-sm\" href=\"https:\/\/amcq.qc.ca\/nouvelle\/transition-a-la-presidence-du-conseil-dadministration-de-lamcq\/?fbclid=IwdGRjcAP2n9tleHRuA2FlbQIxMQBzcnRjBmFwcF9pZAo2NjI4NTY4Mzc5AAEeKrnp-W8kuXTS_11983bO00kRQH--3dljKK-v-MJG_MvZYSALuEOnc_dLFLM_aem_x1MyUTr8YSvVDJOQh-DRQA\" target=\"_blank\">\n\t\t\t\t\t\t<span class=\"elementor-button-content-wrapper\">\n\t\t\t\t\t\t\t\t\t<span class=\"elementor-button-text\">Read More \u2192<\/span>\n\t\t\t\t\t<\/span>\n\t\t\t\t\t<\/a>\n\t\t\t\t\t\t\t\t<\/div>\n\t\t\t\t<\/div>\n\t\t<div class=\"elementor-element elementor-element-4f9612f e-con-full e-flex e-con e-child\" data-id=\"4f9612f\" data-element_type=\"container\" data-e-type=\"container\" data-settings=\"{&quot;background_background&quot;:&quot;classic&quot;}\">\n\t\t\t\t<\/div>\n\t\t\t\t<\/div>\n\t\t\t\t\t<\/div>\n\t\t\t\t<\/div>\n\t\t<div class=\"elementor-element elementor-element-9989a48 elementor-hidden-desktop elementor-hidden-tablet elementor-hidden-mobile e-flex e-con-boxed e-con e-parent\" data-id=\"9989a48\" data-element_type=\"container\" data-e-type=\"container\">\n\t\t\t\t\t<div class=\"e-con-inner\">\n\t\t\t\t<div class=\"elementor-element elementor-element-72e12bf elementor-widget elementor-widget-hfe-basic-posts\" data-id=\"72e12bf\" data-element_type=\"widget\" data-e-type=\"widget\" data-widget_type=\"hfe-basic-posts.default\">\n\t\t\t\t<div class=\"elementor-widget-container\">\n\t\t\t\t\t\n<div class=\"hfe-posts-grid\">\n\t\t\t<article class=\"hfe-post-card\">\n\t\t\t\n\t\t\t<div class=\"hfe-post-content\">\n\t\t\t\t\t\t\t\t\t<h3 class=\"hfe-post-title\">\n\t\t\t\t\t\t<a href=\"https:\/\/www.toiturestroisetoiles.com\/en\/title-new-article\/\" rel=\"bookmark\">\n\t\t\t\t\t\t\tTitle new article\t\t\t\t\t\t<\/a>\n\t\t\t\t\t<\/h3>\n\t\t\t\t\n\t\t\t\t\t\t\t\t\t<div class=\"hfe-post-meta\">\n\t\t\t\t\t\t<span class=\"hfe-post-date\">April 29, 2026<\/span><span class=\"hfe-meta-separator\">  |  <\/span><span class=\"hfe-post-author\">by bonjour@casamedia.com<\/span>\t\t\t\t\t<\/div>\n\t\t\t\t\n\t\t\t\t\t\t\t\t\t<div class=\"hfe-post-excerpt\">\n\t\t\t\t\t\tLorem ipsum dolor sit amet, consectetuer adipiscing elit. Maecenas porttitor congue massa. Fusce posuere, magna sed pulvinar ultricies, purus lectus...\t\t\t\t\t<\/div>\n\t\t\t\t\n\t\t\t\t\t\t\t\t\t<a href=\"https:\/\/www.toiturestroisetoiles.com\/en\/title-new-article\/\" class=\"hfe-read-more\" rel=\"bookmark\">\n\t\t\t\t\t\tRead More \u2192\t\t\t\t\t<\/a>\n\t\t\t\t\t\t\t<\/div>\n\t\t<\/article>\n\t\t<\/div>\n\t\t\t\t<\/div>\n\t\t\t\t<\/div>\n\t\t\t\t\t<\/div>\n\t\t\t\t<\/div>\n\t\t\t\t<\/div>","protected":false},"excerpt":{"rendered":"<p>Blog TRAVAILLER AVEC NOUS Regard Crois\u00e9s sur la Construction au Qu\u00e9bec Ce n&rsquo;est pas parce que des probl\u00e8mes persistent depuis [&hellip;]<\/p>\n","protected":false},"author":1,"featured_media":0,"parent":0,"menu_order":0,"comment_status":"closed","ping_status":"closed","template":"elementor_header_footer","meta":{"inline_featured_image":false,"site-sidebar-layout":"no-sidebar","site-content-layout":"","ast-site-content-layout":"full-width-container","site-content-style":"default","site-sidebar-style":"default","ast-global-header-display":"","ast-banner-title-visibility":"","ast-main-header-display":"","ast-hfb-above-header-display":"","ast-hfb-below-header-display":"","ast-hfb-mobile-header-display":"","site-post-title":"disabled","ast-breadcrumbs-content":"","ast-featured-img":"disabled","footer-sml-layout":"","ast-disable-related-posts":"","theme-transparent-header-meta":"enabled","adv-header-id-meta":"","stick-header-meta":"default","header-above-stick-meta":"","header-main-stick-meta":"","header-below-stick-meta":"","astra-migrate-meta-layouts":"default","ast-page-background-enabled":"default","ast-page-background-meta":{"desktop":{"background-color":"var(--ast-global-color-5)","background-image":"","background-repeat":"repeat","background-position":"center center","background-size":"auto","background-attachment":"scroll","background-type":"","background-media":"","overlay-type":"","overlay-color":"","overlay-opacity":"","overlay-gradient":""},"tablet":{"background-color":"","background-image":"","background-repeat":"repeat","background-position":"center center","background-size":"auto","background-attachment":"scroll","background-type":"","background-media":"","overlay-type":"","overlay-color":"","overlay-opacity":"","overlay-gradient":""},"mobile":{"background-color":"","background-image":"","background-repeat":"repeat","background-position":"center center","background-size":"auto","background-attachment":"scroll","background-type":"","background-media":"","overlay-type":"","overlay-color":"","overlay-opacity":"","overlay-gradient":""}},"ast-content-background-meta":{"desktop":{"background-color":"var(--ast-global-color-4)","background-image":"","background-repeat":"repeat","background-position":"center center","background-size":"auto","background-attachment":"scroll","background-type":"","background-media":"","overlay-type":"","overlay-color":"","overlay-opacity":"","overlay-gradient":""},"tablet":{"background-color":"var(--ast-global-color-4)","background-image":"","background-repeat":"repeat","background-position":"center center","background-size":"auto","background-attachment":"scroll","background-type":"","background-media":"","overlay-type":"","overlay-color":"","overlay-opacity":"","overlay-gradient":""},"mobile":{"background-color":"var(--ast-global-color-4)","background-image":"","background-repeat":"repeat","background-position":"center center","background-size":"auto","background-attachment":"scroll","background-type":"","background-media":"","overlay-type":"","overlay-color":"","overlay-opacity":"","overlay-gradient":""}},"footnotes":""},"class_list":["post-7905","page","type-page","status-publish","hentry"],"yoast_head":"<!-- This site is optimized with the Yoast SEO plugin v27.2 - https:\/\/yoast.com\/product\/yoast-seo-wordpress\/ -->\n<title>Blog - Toitures trois \u00e9toiles<\/title>\n<meta name=\"robots\" content=\"index, follow, max-snippet:-1, max-image-preview:large, max-video-preview:-1\" \/>\n<link rel=\"canonical\" href=\"https:\/\/www.toiturestroisetoiles.com\/en\/blog\/\" \/>\n<meta property=\"og:locale\" content=\"en_US\" \/>\n<meta property=\"og:type\" content=\"article\" \/>\n<meta property=\"og:title\" content=\"Blog - Toitures trois \u00e9toiles\" \/>\n<meta property=\"og:description\" content=\"Blog TRAVAILLER AVEC NOUS Regard Crois\u00e9s sur la Construction au Qu\u00e9bec Ce n&rsquo;est pas parce que des probl\u00e8mes persistent depuis [&hellip;]\" \/>\n<meta property=\"og:url\" content=\"https:\/\/www.toiturestroisetoiles.com\/en\/blog\/\" \/>\n<meta property=\"og:site_name\" content=\"Toitures trois \u00e9toiles\" \/>\n<meta property=\"article:modified_time\" content=\"2026-05-08T14:09:40+00:00\" \/>\n<meta name=\"twitter:card\" content=\"summary_large_image\" \/>\n<meta name=\"twitter:label1\" content=\"Est. reading time\" \/>\n\t<meta name=\"twitter:data1\" content=\"1 minute\" \/>\n<script type=\"application\/ld+json\" class=\"yoast-schema-graph\">{\"@context\":\"https:\/\/schema.org\",\"@graph\":[{\"@type\":\"WebPage\",\"@id\":\"https:\/\/www.toiturestroisetoiles.com\/blog\/\",\"url\":\"https:\/\/www.toiturestroisetoiles.com\/blog\/\",\"name\":\"Blog - Toitures trois \u00e9toiles\",\"isPartOf\":{\"@id\":\"https:\/\/www.toiturestroisetoiles.com\/#website\"},\"datePublished\":\"2026-04-29T17:05:29+00:00\",\"dateModified\":\"2026-05-08T14:09:40+00:00\",\"breadcrumb\":{\"@id\":\"https:\/\/www.toiturestroisetoiles.com\/blog\/#breadcrumb\"},\"inLanguage\":\"en-CA\",\"potentialAction\":[{\"@type\":\"ReadAction\",\"target\":[\"https:\/\/www.toiturestroisetoiles.com\/blog\/\"]}]},{\"@type\":\"BreadcrumbList\",\"@id\":\"https:\/\/www.toiturestroisetoiles.com\/blog\/#breadcrumb\",\"itemListElement\":[{\"@type\":\"ListItem\",\"position\":1,\"name\":\"Home\",\"item\":\"https:\/\/www.toiturestroisetoiles.com\/\"},{\"@type\":\"ListItem\",\"position\":2,\"name\":\"Blog\"}]},{\"@type\":\"WebSite\",\"@id\":\"https:\/\/www.toiturestroisetoiles.com\/#website\",\"url\":\"https:\/\/www.toiturestroisetoiles.com\/\",\"name\":\"Toitures trois \u00e9toiles\",\"description\":\"\",\"publisher\":{\"@id\":\"https:\/\/www.toiturestroisetoiles.com\/#organization\"},\"potentialAction\":[{\"@type\":\"SearchAction\",\"target\":{\"@type\":\"EntryPoint\",\"urlTemplate\":\"https:\/\/www.toiturestroisetoiles.com\/?s={search_term_string}\"},\"query-input\":{\"@type\":\"PropertyValueSpecification\",\"valueRequired\":true,\"valueName\":\"search_term_string\"}}],\"inLanguage\":\"en-CA\"},{\"@type\":\"Organization\",\"@id\":\"https:\/\/www.toiturestroisetoiles.com\/#organization\",\"name\":\"Toitures trois \u00e9toiles\",\"url\":\"https:\/\/www.toiturestroisetoiles.com\/\",\"logo\":{\"@type\":\"ImageObject\",\"inLanguage\":\"en-CA\",\"@id\":\"https:\/\/www.toiturestroisetoiles.com\/#\/schema\/logo\/image\/\",\"url\":\"https:\/\/www.toiturestroisetoiles.com\/wp-content\/uploads\/2025\/12\/logo_3_etoiles_mobile.png\",\"contentUrl\":\"https:\/\/www.toiturestroisetoiles.com\/wp-content\/uploads\/2025\/12\/logo_3_etoiles_mobile.png\",\"width\":375,\"height\":113,\"caption\":\"Toitures trois \u00e9toiles\"},\"image\":{\"@id\":\"https:\/\/www.toiturestroisetoiles.com\/#\/schema\/logo\/image\/\"}}]}<\/script>\n<!-- \/ Yoast SEO plugin. -->","yoast_head_json":{"title":"Blog - Toitures trois \u00e9toiles","robots":{"index":"index","follow":"follow","max-snippet":"max-snippet:-1","max-image-preview":"max-image-preview:large","max-video-preview":"max-video-preview:-1"},"canonical":"https:\/\/www.toiturestroisetoiles.com\/en\/blog\/","og_locale":"en_US","og_type":"article","og_title":"Blog - Toitures trois \u00e9toiles","og_description":"Blog TRAVAILLER AVEC NOUS Regard Crois\u00e9s sur la Construction au Qu\u00e9bec Ce n&rsquo;est pas parce que des probl\u00e8mes persistent depuis [&hellip;]","og_url":"https:\/\/www.toiturestroisetoiles.com\/en\/blog\/","og_site_name":"Toitures trois \u00e9toiles","article_modified_time":"2026-05-08T14:09:40+00:00","twitter_card":"summary_large_image","twitter_misc":{"Est. reading time":"1 minute"},"schema":{"@context":"https:\/\/schema.org","@graph":[{"@type":"WebPage","@id":"https:\/\/www.toiturestroisetoiles.com\/blog\/","url":"https:\/\/www.toiturestroisetoiles.com\/blog\/","name":"Blog - Toitures trois \u00e9toiles","isPartOf":{"@id":"https:\/\/www.toiturestroisetoiles.com\/#website"},"datePublished":"2026-04-29T17:05:29+00:00","dateModified":"2026-05-08T14:09:40+00:00","breadcrumb":{"@id":"https:\/\/www.toiturestroisetoiles.com\/blog\/#breadcrumb"},"inLanguage":"en-CA","potentialAction":[{"@type":"ReadAction","target":["https:\/\/www.toiturestroisetoiles.com\/blog\/"]}]},{"@type":"BreadcrumbList","@id":"https:\/\/www.toiturestroisetoiles.com\/blog\/#breadcrumb","itemListElement":[{"@type":"ListItem","position":1,"name":"Home","item":"https:\/\/www.toiturestroisetoiles.com\/"},{"@type":"ListItem","position":2,"name":"Blog"}]},{"@type":"WebSite","@id":"https:\/\/www.toiturestroisetoiles.com\/#website","url":"https:\/\/www.toiturestroisetoiles.com\/","name":"Toitures trois \u00e9toiles","description":"","publisher":{"@id":"https:\/\/www.toiturestroisetoiles.com\/#organization"},"potentialAction":[{"@type":"SearchAction","target":{"@type":"EntryPoint","urlTemplate":"https:\/\/www.toiturestroisetoiles.com\/?s={search_term_string}"},"query-input":{"@type":"PropertyValueSpecification","valueRequired":true,"valueName":"search_term_string"}}],"inLanguage":"en-CA"},{"@type":"Organization","@id":"https:\/\/www.toiturestroisetoiles.com\/#organization","name":"Toitures trois \u00e9toiles","url":"https:\/\/www.toiturestroisetoiles.com\/","logo":{"@type":"ImageObject","inLanguage":"en-CA","@id":"https:\/\/www.toiturestroisetoiles.com\/#\/schema\/logo\/image\/","url":"https:\/\/www.toiturestroisetoiles.com\/wp-content\/uploads\/2025\/12\/logo_3_etoiles_mobile.png","contentUrl":"https:\/\/www.toiturestroisetoiles.com\/wp-content\/uploads\/2025\/12\/logo_3_etoiles_mobile.png","width":375,"height":113,"caption":"Toitures trois \u00e9toiles"},"image":{"@id":"https:\/\/www.toiturestroisetoiles.com\/#\/schema\/logo\/image\/"}}]}},"_links":{"self":[{"href":"https:\/\/www.toiturestroisetoiles.com\/en\/wp-json\/wp\/v2\/pages\/7905","targetHints":{"allow":["GET"]}}],"collection":[{"href":"https:\/\/www.toiturestroisetoiles.com\/en\/wp-json\/wp\/v2\/pages"}],"about":[{"href":"https:\/\/www.toiturestroisetoiles.com\/en\/wp-json\/wp\/v2\/types\/page"}],"author":[{"embeddable":true,"href":"https:\/\/www.toiturestroisetoiles.com\/en\/wp-json\/wp\/v2\/users\/1"}],"replies":[{"embeddable":true,"href":"https:\/\/www.toiturestroisetoiles.com\/en\/wp-json\/wp\/v2\/comments?post=7905"}],"version-history":[{"count":74,"href":"https:\/\/www.toiturestroisetoiles.com\/en\/wp-json\/wp\/v2\/pages\/7905\/revisions"}],"predecessor-version":[{"id":8186,"href":"https:\/\/www.toiturestroisetoiles.com\/en\/wp-json\/wp\/v2\/pages\/7905\/revisions\/8186"}],"wp:attachment":[{"href":"https:\/\/www.toiturestroisetoiles.com\/en\/wp-json\/wp\/v2\/media?parent=7905"}],"curies":[{"name":"wp","href":"https:\/\/api.w.org\/{rel}","templated":true}]}}